{"id":17410,"date":"2021-12-01T11:00:00","date_gmt":"2021-12-01T16:00:00","guid":{"rendered":"https:\/\/wfh.org\/programme-daide-humanitaire\/"},"modified":"2024-06-26T10:59:15","modified_gmt":"2024-06-26T14:59:15","slug":"demander-de-laide-humanitaire","status":"publish","type":"page","link":"https:\/\/wfh.org\/fr\/demander-de-laide-humanitaire\/","title":{"rendered":"Demander de l\u2019aide humanitaire"},"content":{"rendered":"\t\t<div data-elementor-type=\"wp-page\" data-elementor-id=\"17410\" class=\"elementor elementor-17410 elementor-4632\" data-elementor-post-type=\"page\">\n\t\t\t\t\t\t<section class=\"elementor-section elementor-top-section elementor-element elementor-element-d6db57d elementor-section-full_width elementor-reverse-mobile elementor-section-height-default elementor-section-height-default\" data-id=\"d6db57d\" data-element_type=\"section\" data-e-type=\"section\" data-settings=\"{&quot;background_background&quot;:&quot;classic&quot;}\">\n\t\t\t\t\t\t\t<div class=\"elementor-background-overlay\"><\/div>\n\t\t\t\t\t\t\t<div class=\"elementor-container elementor-column-gap-default\">\n\t\t\t\t\t<div class=\"elementor-column elementor-col-50 elementor-top-column elementor-element elementor-element-62f404b elementor-hidden-mobile\" data-id=\"62f404b\" data-element_type=\"column\" data-e-type=\"column\">\n\t\t\t<div class=\"elementor-widget-wrap elementor-element-populated\">\n\t\t\t\t\t\t<section class=\"elementor-section elementor-inner-section elementor-element elementor-element-3e60d06 elementor-section-full_width elementor-section-height-default elementor-section-height-default\" data-id=\"3e60d06\" data-element_type=\"section\" data-e-type=\"section\" id=\"side_nav\" data-settings=\"{&quot;sticky&quot;:&quot;top&quot;,&quot;motion_fx_motion_fx_scrolling&quot;:&quot;yes&quot;,&quot;sticky_offset&quot;:15,&quot;motion_fx_devices&quot;:[&quot;desktop&quot;,&quot;tablet&quot;,&quot;mobile&quot;],&quot;sticky_on&quot;:[&quot;desktop&quot;,&quot;tablet&quot;,&quot;mobile&quot;],&quot;sticky_effects_offset&quot;:0,&quot;sticky_anchor_link_offset&quot;:0}\">\n\t\t\t\t\t\t<div class=\"elementor-container elementor-column-gap-default\">\n\t\t\t\t\t<div class=\"elementor-column elementor-col-100 elementor-inner-column elementor-element elementor-element-0efe5fe\" data-id=\"0efe5fe\" data-element_type=\"column\" data-e-type=\"column\">\n\t\t\t<div class=\"elementor-widget-wrap elementor-element-populated\">\n\t\t\t\t\t\t<div class=\"elementor-element elementor-element-29dabc3 elementor-widget elementor-widget-heading\" data-id=\"29dabc3\" data-element_type=\"widget\" data-e-type=\"widget\" data-widget_type=\"heading.default\">\n\t\t\t\t<div class=\"elementor-widget-container\">\n\t\t\t\t\t<span class=\"elementor-heading-title elementor-size-default\">DEMANDER DE L\u2019AIDE HUMANITAIRE<\/span>\t\t\t\t<\/div>\n\t\t\t\t<\/div>\n\t\t\t\t<div class=\"elementor-element elementor-element-23d9e00 elementor-widget elementor-widget-heading\" data-id=\"23d9e00\" data-element_type=\"widget\" data-e-type=\"widget\" data-widget_type=\"heading.default\">\n\t\t\t\t<div class=\"elementor-widget-container\">\n\t\t\t\t\t<span class=\"elementor-heading-title elementor-size-default\"><a href=\"#requesting-support\">Demande d\u2019assistance<\/a><\/span>\t\t\t\t<\/div>\n\t\t\t\t<\/div>\n\t\t\t\t\t<\/div>\n\t\t<\/div>\n\t\t\t\t\t<\/div>\n\t\t<\/section>\n\t\t\t\t\t<\/div>\n\t\t<\/div>\n\t\t\t\t<div class=\"elementor-column elementor-col-50 elementor-top-column elementor-element elementor-element-76759c8\" data-id=\"76759c8\" data-element_type=\"column\" data-e-type=\"column\">\n\t\t\t<div class=\"elementor-widget-wrap elementor-element-populated\">\n\t\t\t\t\t\t<div class=\"elementor-element elementor-element-e8b3e3b elementor-widget elementor-widget-template\" data-id=\"e8b3e3b\" data-element_type=\"widget\" data-e-type=\"widget\" data-widget_type=\"template.default\">\n\t\t\t\t<div class=\"elementor-widget-container\">\n\t\t\t\t\t\t\t<div class=\"elementor-template\">\n\t\t\t\t\t<div data-elementor-type=\"section\" data-elementor-id=\"25309\" class=\"elementor elementor-25309 elementor-25306 elementor-25306\" data-elementor-post-type=\"elementor_library\">\n\t\t\t\t\t<section class=\"elementor-section elementor-top-section elementor-element elementor-element-4897f92e elementor-section-full_width elementor-section-height-default elementor-section-height-default\" data-id=\"4897f92e\" data-element_type=\"section\" data-e-type=\"section\">\n\t\t\t\t\t\t<div class=\"elementor-container elementor-column-gap-default\">\n\t\t\t\t\t<div class=\"elementor-column elementor-col-100 elementor-top-column elementor-element elementor-element-75983c78\" data-id=\"75983c78\" data-element_type=\"column\" data-e-type=\"column\">\n\t\t\t<div class=\"elementor-widget-wrap elementor-element-populated\">\n\t\t\t\t\t\t<section class=\"elementor-section elementor-inner-section elementor-element elementor-element-21504386 elementor-section-full_width elementor-section-height-default elementor-section-height-default\" data-id=\"21504386\" data-element_type=\"section\" data-e-type=\"section\" data-settings=\"{&quot;background_background&quot;:&quot;classic&quot;}\">\n\t\t\t\t\t\t<div class=\"elementor-container elementor-column-gap-default\">\n\t\t\t\t\t<div class=\"elementor-column elementor-col-100 elementor-inner-column elementor-element elementor-element-7ba5d59b\" data-id=\"7ba5d59b\" data-element_type=\"column\" data-e-type=\"column\" data-settings=\"{&quot;background_background&quot;:&quot;classic&quot;}\">\n\t\t\t<div class=\"elementor-widget-wrap elementor-element-populated\">\n\t\t\t\t\t\t<div class=\"elementor-element elementor-element-4f85140c elementor-widget elementor-widget-spacer\" data-id=\"4f85140c\" data-element_type=\"widget\" data-e-type=\"widget\" data-widget_type=\"spacer.default\">\n\t\t\t\t<div class=\"elementor-widget-container\">\n\t\t\t\t\t\t\t<div class=\"elementor-spacer\">\n\t\t\t<div class=\"elementor-spacer-inner\"><\/div>\n\t\t<\/div>\n\t\t\t\t\t\t<\/div>\n\t\t\t\t<\/div>\n\t\t\t\t\t<\/div>\n\t\t<\/div>\n\t\t\t\t\t<\/div>\n\t\t<\/section>\n\t\t\t\t\t<\/div>\n\t\t<\/div>\n\t\t\t\t\t<\/div>\n\t\t<\/section>\n\t\t\t\t<\/div>\n\t\t\t\t<\/div>\n\t\t\t\t\t\t<\/div>\n\t\t\t\t<\/div>\n\t\t\t\t<div class=\"elementor-element elementor-element-ea65686 elementor-widget elementor-widget-heading\" data-id=\"ea65686\" data-element_type=\"widget\" data-e-type=\"widget\" data-widget_type=\"heading.default\">\n\t\t\t\t<div class=\"elementor-widget-container\">\n\t\t\t\t\t<h1 class=\"elementor-heading-title elementor-size-default\">Demander de l\u2019aide humanitaire<\/h1>\t\t\t\t<\/div>\n\t\t\t\t<\/div>\n\t\t\t\t<section class=\"elementor-section elementor-inner-section elementor-element elementor-element-a5cd8bc elementor-section-full_width elementor-section-height-default elementor-section-height-default\" data-id=\"a5cd8bc\" data-element_type=\"section\" data-e-type=\"section\">\n\t\t\t\t\t\t<div class=\"elementor-container elementor-column-gap-default\">\n\t\t\t\t\t<div class=\"elementor-column elementor-col-100 elementor-inner-column elementor-element elementor-element-3f957ae\" data-id=\"3f957ae\" data-element_type=\"column\" data-e-type=\"column\">\n\t\t\t<div class=\"elementor-widget-wrap elementor-element-populated\">\n\t\t\t\t\t\t<div class=\"elementor-element elementor-element-ca2334a elementor-widget elementor-widget-text-editor\" data-id=\"ca2334a\" data-element_type=\"widget\" data-e-type=\"widget\" data-widget_type=\"text-editor.default\">\n\t\t\t\t<div class=\"elementor-widget-container\">\n\t\t\t\t\t\t\t\t\t<p>Le Programme d\u2019aide humanitaire de la FMH permet de pallier le manque d\u2019acc\u00e8s aux soins et aux traitements en apportant un soutien indispensable aux organisations nationales membres (ONM), centres de traitement de l\u2019h\u00e9mophilie (CTH) et aux professionnels de sant\u00e9 dans les pays \u00e9mergents.<\/p>\n\t\t\t\t\t\t\t\t<\/div>\n\t\t\t\t<\/div>\n\t\t\t\t\t<\/div>\n\t\t<\/div>\n\t\t\t\t\t<\/div>\n\t\t<\/section>\n\t\t\t\t\t<\/div>\n\t\t<\/div>\n\t\t\t\t\t<\/div>\n\t\t<\/section>\n\t\t\t\t<section class=\"elementor-section elementor-top-section elementor-element elementor-element-94aacb0 elementor-section-full_width clamp_p elementor-section-height-default elementor-section-height-default\" data-id=\"94aacb0\" data-element_type=\"section\" data-e-type=\"section\" id=\"requesting-support\" data-settings=\"{&quot;background_background&quot;:&quot;classic&quot;}\">\n\t\t\t\t\t\t<div class=\"elementor-container elementor-column-gap-default\">\n\t\t\t\t\t<div class=\"elementor-column elementor-col-50 elementor-top-column elementor-element elementor-element-ea7d89f\" data-id=\"ea7d89f\" data-element_type=\"column\" data-e-type=\"column\">\n\t\t\t<div class=\"elementor-widget-wrap\">\n\t\t\t\t\t\t\t<\/div>\n\t\t<\/div>\n\t\t\t\t<div class=\"elementor-column elementor-col-50 elementor-top-column elementor-element elementor-element-0d73337\" data-id=\"0d73337\" data-element_type=\"column\" data-e-type=\"column\">\n\t\t\t<div class=\"elementor-widget-wrap elementor-element-populated\">\n\t\t\t\t\t\t<div class=\"elementor-element elementor-element-e7618cf clamp_h2 elementor-widget elementor-widget-heading\" data-id=\"e7618cf\" data-element_type=\"widget\" data-e-type=\"widget\" data-widget_type=\"heading.default\">\n\t\t\t\t<div class=\"elementor-widget-container\">\n\t\t\t\t\t<h2 class=\"elementor-heading-title elementor-size-default\">DEMANDE D'ASSISTANCE<\/h2>\t\t\t\t<\/div>\n\t\t\t\t<\/div>\n\t\t\t\t<section class=\"elementor-section elementor-inner-section elementor-element elementor-element-66df84b elementor-section-full_width elementor-section-height-default elementor-section-height-default\" data-id=\"66df84b\" data-element_type=\"section\" data-e-type=\"section\">\n\t\t\t\t\t\t<div class=\"elementor-container elementor-column-gap-default\">\n\t\t\t\t\t<div class=\"elementor-column elementor-col-50 elementor-inner-column elementor-element elementor-element-5d74c83\" data-id=\"5d74c83\" data-element_type=\"column\" data-e-type=\"column\">\n\t\t\t<div class=\"elementor-widget-wrap elementor-element-populated\">\n\t\t\t\t\t\t<div class=\"elementor-element elementor-element-83199fd elementor-widget elementor-widget-image\" data-id=\"83199fd\" data-element_type=\"widget\" data-e-type=\"widget\" data-widget_type=\"image.default\">\n\t\t\t\t<div class=\"elementor-widget-container\">\n\t\t\t\t\t\t\t\t\t\t\t\t\t\t\t<img fetchpriority=\"high\" decoding=\"async\" width=\"720\" height=\"474\" src=\"https:\/\/wfh.org\/wp-content\/uploads\/2021\/12\/HA-requesting-support.jpg\" class=\"attachment-full size-full wp-image-9841\" alt=\"Au N\u00e9pal, un jeune enfant sourit d&#039;un air timide\" srcset=\"https:\/\/wfh.org\/wp-content\/uploads\/2021\/12\/HA-requesting-support.jpg 720w, https:\/\/wfh.org\/wp-content\/uploads\/2021\/12\/HA-requesting-support-300x198.jpg 300w\" sizes=\"(max-width: 720px) 100vw, 720px\" \/>\t\t\t\t\t\t\t\t\t\t\t\t\t\t\t<\/div>\n\t\t\t\t<\/div>\n\t\t\t\t<div class=\"elementor-element elementor-element-ab401a2 elementor-widget elementor-widget-spacer\" data-id=\"ab401a2\" data-element_type=\"widget\" data-e-type=\"widget\" data-widget_type=\"spacer.default\">\n\t\t\t\t<div class=\"elementor-widget-container\">\n\t\t\t\t\t\t\t<div class=\"elementor-spacer\">\n\t\t\t<div class=\"elementor-spacer-inner\"><\/div>\n\t\t<\/div>\n\t\t\t\t\t\t<\/div>\n\t\t\t\t<\/div>\n\t\t\t\t\t<\/div>\n\t\t<\/div>\n\t\t\t\t<div class=\"elementor-column elementor-col-50 elementor-inner-column elementor-element elementor-element-c308baf\" data-id=\"c308baf\" data-element_type=\"column\" data-e-type=\"column\">\n\t\t\t<div class=\"elementor-widget-wrap elementor-element-populated\">\n\t\t\t\t\t\t<div class=\"elementor-element elementor-element-38599bd clamp_p elementor-widget elementor-widget-text-editor\" data-id=\"38599bd\" data-element_type=\"widget\" data-e-type=\"widget\" data-widget_type=\"text-editor.default\">\n\t\t\t\t<div class=\"elementor-widget-container\">\n\t\t\t\t\t\t\t\t\t<p>Le Programme d&rsquo;aide humanitaire de la FMH apporte un soutien aux organisations nationales membres et aux professionnels de sant\u00e9 dans le monde entier. Si vous avez besoin d\u2019aide, veuillez nous contacter \u00e0 l&rsquo;adresse suivante\u202f: <a href=\"mailto:humanitarianaid@wfh.org\">humanitarianaid@wfh.org<\/a>. Pour pouvoir b\u00e9n\u00e9ficier de traitements issus des dons, votre pays doit g\u00e9n\u00e9ralement avoir une consommation par habitant de concentr\u00e9s de facteur de coagulation inf\u00e9rieure \u00e0 une unit\u00e9 internationale (UI). Les dons sont uniquement envoy\u00e9s aux centres de traitement de l\u2019h\u00e9mophilie enregistr\u00e9s ou aux organisations nationales membres de la FMH qui ont sign\u00e9 un accord et\/ou un protocole d&rsquo;accord avec le Programme d&rsquo;aide humanitaire de la FMH.<\/p>\n\t\t\t\t\t\t\t\t<\/div>\n\t\t\t\t<\/div>\n\t\t\t\t\t<\/div>\n\t\t<\/div>\n\t\t\t\t\t<\/div>\n\t\t<\/section>\n\t\t\t\t<div class=\"elementor-element elementor-element-bf2a097 clamp_p elementor-widget elementor-widget-text-editor\" data-id=\"bf2a097\" data-element_type=\"widget\" data-e-type=\"widget\" data-widget_type=\"text-editor.default\">\n\t\t\t\t<div class=\"elementor-widget-container\">\n\t\t\t\t\t\t\t\t\t<p>Les ONM ou les CTH agr\u00e9\u00e9s collaborent avec la FMH et les autorit\u00e9s locales pour obtenir les licences d&rsquo;importation n\u00e9cessaires pour que le don puisse \u00eatre d\u00e9douan\u00e9 et livr\u00e9 en temps voulu. Une fois la documentation pertinente pr\u00e9par\u00e9e, les dons sont emball\u00e9s et exp\u00e9di\u00e9s par RX Crossroads (\u00c9tats-Unis), Gerinnungs Zentrum Rhein-Ruhr (GZRR) (Allemagne) ou De Jong Special Services (Pays-Bas).<\/p>\n<p>Dans le cadre du processus de donation, la FMH examinera l&rsquo;utilisation des produits donn\u00e9s. Il s&rsquo;agit d&rsquo;une \u00e9tape cruciale, car nous devons comprendre le besoin r\u00e9el en mati\u00e8re de dons et rendre leur distribution aussi efficace que possible. C&rsquo;est pourquoi nous avons cr\u00e9\u00e9 une base de donn\u00e9es en ligne pour faciliter l&rsquo;\u00e9tablissement et le traitement des rapports exig\u00e9s.<\/p>\n<p>Pour en apprendre plus sur le Programme d&rsquo;aide humanitaire de la FMH, cliquez <a href=\"https:\/\/wfh.org\/fr\/aide-humanitaire\/\">ici<\/a>.<\/p>\n\t\t\t\t\t\t\t\t<\/div>\n\t\t\t\t<\/div>\n\t\t\t\t\t<\/div>\n\t\t<\/div>\n\t\t\t\t\t<\/div>\n\t\t<\/section>\n\t\t\t\t<\/div>\n\t\t","protected":false},"excerpt":{"rendered":"<p>DEMANDER DE L\u2019AIDE HUMANITAIRE Demande d\u2019assistance Demander de l\u2019aide humanitaire Le Programme d\u2019aide humanitaire de la FMH permet de pallier le manque d\u2019acc\u00e8s aux soins et aux traitements en apportant [&hellip;]<\/p>\n","protected":false},"author":3,"featured_media":522,"parent":0,"menu_order":0,"comment_status":"closed","ping_status":"closed","template":"elementor_header_footer","meta":{"inline_featured_image":false,"footnotes":""},"search-category":[],"class_list":["post-17410","page","type-page","status-publish","has-post-thumbnail","hentry"],"yoast_head":"<!-- This site is optimized with the Yoast SEO Premium plugin v27.2 (Yoast SEO v27.2) - https:\/\/yoast.com\/product\/yoast-seo-premium-wordpress\/ -->\n<title>Demander de l\u2019aide humanitaire | FMH - F\u00e9d\u00e9ration mondiale de l\u2019h\u00e9mophilie<\/title>\n<meta name=\"description\" content=\"The World Federation of Hemophilia Humanitarian Aid Program offers support to NMOs and HTCs worldwide. Contact us to request for help.\" \/>\n<meta name=\"robots\" content=\"index, follow, max-snippet:-1, max-image-preview:large, max-video-preview:-1\" \/>\n<link rel=\"canonical\" href=\"https:\/\/wfh.org\/fr\/demander-de-laide-humanitaire\/\" \/>\n<meta property=\"og:locale\" content=\"fr_FR\" \/>\n<meta property=\"og:type\" content=\"article\" \/>\n<meta property=\"og:title\" content=\"Demander de l\u2019aide humanitaire\" \/>\n<meta property=\"og:description\" content=\"The World Federation of Hemophilia Humanitarian Aid Program offers support to NMOs and HTCs worldwide. Contact us to request for help.\" \/>\n<meta property=\"og:url\" content=\"https:\/\/wfh.org\/fr\/demander-de-laide-humanitaire\/\" \/>\n<meta property=\"og:site_name\" content=\"FMH - F\u00e9d\u00e9ration mondiale de l\u2019h\u00e9mophilie\" \/>\n<meta property=\"article:publisher\" content=\"https:\/\/www.facebook.com\/wfhemophilia\/\" \/>\n<meta property=\"article:modified_time\" content=\"2024-06-26T14:59:15+00:00\" \/>\n<meta property=\"og:image\" content=\"https:\/\/wfh.org\/wp-content\/uploads\/2021\/10\/img002.png\" \/>\n\t<meta property=\"og:image:width\" content=\"923\" \/>\n\t<meta property=\"og:image:height\" content=\"481\" \/>\n\t<meta property=\"og:image:type\" content=\"image\/png\" \/>\n<meta name=\"twitter:card\" content=\"summary_large_image\" \/>\n<meta name=\"twitter:label1\" content=\"Dur\u00e9e de lecture estim\u00e9e\" \/>\n\t<meta name=\"twitter:data1\" content=\"2 minutes\" \/>\n<script type=\"application\/ld+json\" class=\"yoast-schema-graph\">{\"@context\":\"https:\/\/schema.org\",\"@graph\":[{\"@type\":\"WebPage\",\"@id\":\"https:\/\/wfh.org\/fr\/demander-de-laide-humanitaire\/\",\"url\":\"https:\/\/wfh.org\/fr\/demander-de-laide-humanitaire\/\",\"name\":\"Demander de l\u2019aide humanitaire | FMH - F\u00e9d\u00e9ration mondiale de l\u2019h\u00e9mophilie\",\"isPartOf\":{\"@id\":\"https:\/\/wfh.org\/fr\/#website\"},\"primaryImageOfPage\":{\"@id\":\"https:\/\/wfh.org\/fr\/demander-de-laide-humanitaire\/#primaryimage\"},\"image\":{\"@id\":\"https:\/\/wfh.org\/fr\/demander-de-laide-humanitaire\/#primaryimage\"},\"thumbnailUrl\":\"https:\/\/wfh.org\/wp-content\/uploads\/2021\/10\/img002.png\",\"datePublished\":\"2021-12-01T16:00:00+00:00\",\"dateModified\":\"2024-06-26T14:59:15+00:00\",\"description\":\"The World Federation of Hemophilia Humanitarian Aid Program offers support to NMOs and HTCs worldwide. Contact us to request for help.\",\"inLanguage\":\"fr-FR\",\"potentialAction\":[{\"@type\":\"ReadAction\",\"target\":[\"https:\/\/wfh.org\/fr\/demander-de-laide-humanitaire\/\"]}]},{\"@type\":\"ImageObject\",\"inLanguage\":\"fr-FR\",\"@id\":\"https:\/\/wfh.org\/fr\/demander-de-laide-humanitaire\/#primaryimage\",\"url\":\"https:\/\/wfh.org\/wp-content\/uploads\/2021\/10\/img002.png\",\"contentUrl\":\"https:\/\/wfh.org\/wp-content\/uploads\/2021\/10\/img002.png\",\"width\":923,\"height\":481,\"caption\":\"Au Vietnam, un jeune gar\u00e7on portant un masque chirugical est suspendu \u00e0 un pont de singe\"},{\"@type\":\"WebSite\",\"@id\":\"https:\/\/wfh.org\/fr\/#website\",\"url\":\"https:\/\/wfh.org\/fr\/\",\"name\":\"FMH - F\u00e9d\u00e9ration mondiale de l\u2019h\u00e9mophilie\",\"description\":\"WFH - World Federation of Hemophilia\",\"publisher\":{\"@id\":\"https:\/\/wfh.org\/fr\/#organization\"},\"potentialAction\":[{\"@type\":\"SearchAction\",\"target\":{\"@type\":\"EntryPoint\",\"urlTemplate\":\"https:\/\/wfh.org\/fr\/?s={search_term_string}\"},\"query-input\":{\"@type\":\"PropertyValueSpecification\",\"valueRequired\":true,\"valueName\":\"search_term_string\"}}],\"inLanguage\":\"fr-FR\"},{\"@type\":\"Organization\",\"@id\":\"https:\/\/wfh.org\/fr\/#organization\",\"name\":\"World Federation of Hemophilia\",\"url\":\"https:\/\/wfh.org\/fr\/\",\"logo\":{\"@type\":\"ImageObject\",\"inLanguage\":\"fr-FR\",\"@id\":\"https:\/\/wfh.org\/fr\/#\/schema\/logo\/image\/\",\"url\":\"https:\/\/wfh.org\/wp-content\/uploads\/2021\/10\/WFH-LOGO-ENGLISH.svg\",\"contentUrl\":\"https:\/\/wfh.org\/wp-content\/uploads\/2021\/10\/WFH-LOGO-ENGLISH.svg\",\"width\":210,\"height\":63,\"caption\":\"World Federation of Hemophilia\"},\"image\":{\"@id\":\"https:\/\/wfh.org\/fr\/#\/schema\/logo\/image\/\"},\"sameAs\":[\"https:\/\/www.facebook.com\/wfhemophilia\/\"]}]}<\/script>\n<!-- \/ Yoast SEO Premium plugin. -->","yoast_head_json":{"title":"Demander de l\u2019aide humanitaire | FMH - F\u00e9d\u00e9ration mondiale de l\u2019h\u00e9mophilie","description":"The World Federation of Hemophilia Humanitarian Aid Program offers support to NMOs and HTCs worldwide. Contact us to request for help.","robots":{"index":"index","follow":"follow","max-snippet":"max-snippet:-1","max-image-preview":"max-image-preview:large","max-video-preview":"max-video-preview:-1"},"canonical":"https:\/\/wfh.org\/fr\/demander-de-laide-humanitaire\/","og_locale":"fr_FR","og_type":"article","og_title":"Demander de l\u2019aide humanitaire","og_description":"The World Federation of Hemophilia Humanitarian Aid Program offers support to NMOs and HTCs worldwide. Contact us to request for help.","og_url":"https:\/\/wfh.org\/fr\/demander-de-laide-humanitaire\/","og_site_name":"FMH - F\u00e9d\u00e9ration mondiale de l\u2019h\u00e9mophilie","article_publisher":"https:\/\/www.facebook.com\/wfhemophilia\/","article_modified_time":"2024-06-26T14:59:15+00:00","og_image":[{"width":923,"height":481,"url":"https:\/\/wfh.org\/wp-content\/uploads\/2021\/10\/img002.png","type":"image\/png"}],"twitter_card":"summary_large_image","twitter_misc":{"Dur\u00e9e de lecture estim\u00e9e":"2 minutes"},"schema":{"@context":"https:\/\/schema.org","@graph":[{"@type":"WebPage","@id":"https:\/\/wfh.org\/fr\/demander-de-laide-humanitaire\/","url":"https:\/\/wfh.org\/fr\/demander-de-laide-humanitaire\/","name":"Demander de l\u2019aide humanitaire | FMH - F\u00e9d\u00e9ration mondiale de l\u2019h\u00e9mophilie","isPartOf":{"@id":"https:\/\/wfh.org\/fr\/#website"},"primaryImageOfPage":{"@id":"https:\/\/wfh.org\/fr\/demander-de-laide-humanitaire\/#primaryimage"},"image":{"@id":"https:\/\/wfh.org\/fr\/demander-de-laide-humanitaire\/#primaryimage"},"thumbnailUrl":"https:\/\/wfh.org\/wp-content\/uploads\/2021\/10\/img002.png","datePublished":"2021-12-01T16:00:00+00:00","dateModified":"2024-06-26T14:59:15+00:00","description":"The World Federation of Hemophilia Humanitarian Aid Program offers support to NMOs and HTCs worldwide. Contact us to request for help.","inLanguage":"fr-FR","potentialAction":[{"@type":"ReadAction","target":["https:\/\/wfh.org\/fr\/demander-de-laide-humanitaire\/"]}]},{"@type":"ImageObject","inLanguage":"fr-FR","@id":"https:\/\/wfh.org\/fr\/demander-de-laide-humanitaire\/#primaryimage","url":"https:\/\/wfh.org\/wp-content\/uploads\/2021\/10\/img002.png","contentUrl":"https:\/\/wfh.org\/wp-content\/uploads\/2021\/10\/img002.png","width":923,"height":481,"caption":"Au Vietnam, un jeune gar\u00e7on portant un masque chirugical est suspendu \u00e0 un pont de singe"},{"@type":"WebSite","@id":"https:\/\/wfh.org\/fr\/#website","url":"https:\/\/wfh.org\/fr\/","name":"FMH - F\u00e9d\u00e9ration mondiale de l\u2019h\u00e9mophilie","description":"WFH - World Federation of Hemophilia","publisher":{"@id":"https:\/\/wfh.org\/fr\/#organization"},"potentialAction":[{"@type":"SearchAction","target":{"@type":"EntryPoint","urlTemplate":"https:\/\/wfh.org\/fr\/?s={search_term_string}"},"query-input":{"@type":"PropertyValueSpecification","valueRequired":true,"valueName":"search_term_string"}}],"inLanguage":"fr-FR"},{"@type":"Organization","@id":"https:\/\/wfh.org\/fr\/#organization","name":"World Federation of Hemophilia","url":"https:\/\/wfh.org\/fr\/","logo":{"@type":"ImageObject","inLanguage":"fr-FR","@id":"https:\/\/wfh.org\/fr\/#\/schema\/logo\/image\/","url":"https:\/\/wfh.org\/wp-content\/uploads\/2021\/10\/WFH-LOGO-ENGLISH.svg","contentUrl":"https:\/\/wfh.org\/wp-content\/uploads\/2021\/10\/WFH-LOGO-ENGLISH.svg","width":210,"height":63,"caption":"World Federation of Hemophilia"},"image":{"@id":"https:\/\/wfh.org\/fr\/#\/schema\/logo\/image\/"},"sameAs":["https:\/\/www.facebook.com\/wfhemophilia\/"]}]}},"_links":{"self":[{"href":"https:\/\/wfh.org\/fr\/wp-json\/wp\/v2\/pages\/17410","targetHints":{"allow":["GET"]}}],"collection":[{"href":"https:\/\/wfh.org\/fr\/wp-json\/wp\/v2\/pages"}],"about":[{"href":"https:\/\/wfh.org\/fr\/wp-json\/wp\/v2\/types\/page"}],"author":[{"embeddable":true,"href":"https:\/\/wfh.org\/fr\/wp-json\/wp\/v2\/users\/3"}],"replies":[{"embeddable":true,"href":"https:\/\/wfh.org\/fr\/wp-json\/wp\/v2\/comments?post=17410"}],"version-history":[{"count":0,"href":"https:\/\/wfh.org\/fr\/wp-json\/wp\/v2\/pages\/17410\/revisions"}],"wp:featuredmedia":[{"embeddable":true,"href":"https:\/\/wfh.org\/fr\/wp-json\/wp\/v2\/media\/522"}],"wp:attachment":[{"href":"https:\/\/wfh.org\/fr\/wp-json\/wp\/v2\/media?parent=17410"}],"wp:term":[{"taxonomy":"search-category","embeddable":true,"href":"https:\/\/wfh.org\/fr\/wp-json\/wp\/v2\/search-category?post=17410"}],"curies":[{"name":"wp","href":"https:\/\/api.w.org\/{rel}","templated":true}]}}