{"id":16376,"date":"2021-12-01T11:00:00","date_gmt":"2021-12-01T16:00:00","guid":{"rendered":"https:\/\/wfh.org\/ayuda-humanitaria\/"},"modified":"2024-06-26T10:59:14","modified_gmt":"2024-06-26T14:59:14","slug":"solicite-ayuda-humanitaria","status":"publish","type":"page","link":"https:\/\/wfh.org\/es\/solicite-ayuda-humanitaria\/","title":{"rendered":"Solicite ayuda humanitaria"},"content":{"rendered":"\t\t<div data-elementor-type=\"wp-page\" data-elementor-id=\"16376\" class=\"elementor elementor-16376 elementor-4632\" data-elementor-post-type=\"page\">\n\t\t\t\t\t\t<section class=\"elementor-section elementor-top-section elementor-element elementor-element-d6db57d elementor-section-full_width elementor-reverse-mobile elementor-section-height-default elementor-section-height-default\" data-id=\"d6db57d\" data-element_type=\"section\" data-e-type=\"section\" data-settings=\"{&quot;background_background&quot;:&quot;classic&quot;}\">\n\t\t\t\t\t\t\t<div class=\"elementor-background-overlay\"><\/div>\n\t\t\t\t\t\t\t<div class=\"elementor-container elementor-column-gap-default\">\n\t\t\t\t\t<div class=\"elementor-column elementor-col-50 elementor-top-column elementor-element elementor-element-62f404b elementor-hidden-mobile\" data-id=\"62f404b\" data-element_type=\"column\" data-e-type=\"column\">\n\t\t\t<div class=\"elementor-widget-wrap elementor-element-populated\">\n\t\t\t\t\t\t<section class=\"elementor-section elementor-inner-section elementor-element elementor-element-3e60d06 elementor-section-full_width elementor-section-height-default elementor-section-height-default\" data-id=\"3e60d06\" data-element_type=\"section\" data-e-type=\"section\" id=\"side_nav\" data-settings=\"{&quot;sticky&quot;:&quot;top&quot;,&quot;motion_fx_motion_fx_scrolling&quot;:&quot;yes&quot;,&quot;sticky_offset&quot;:15,&quot;motion_fx_devices&quot;:[&quot;desktop&quot;,&quot;tablet&quot;,&quot;mobile&quot;],&quot;sticky_on&quot;:[&quot;desktop&quot;,&quot;tablet&quot;,&quot;mobile&quot;],&quot;sticky_effects_offset&quot;:0,&quot;sticky_anchor_link_offset&quot;:0}\">\n\t\t\t\t\t\t<div class=\"elementor-container elementor-column-gap-default\">\n\t\t\t\t\t<div class=\"elementor-column elementor-col-100 elementor-inner-column elementor-element elementor-element-0efe5fe\" data-id=\"0efe5fe\" data-element_type=\"column\" data-e-type=\"column\">\n\t\t\t<div class=\"elementor-widget-wrap elementor-element-populated\">\n\t\t\t\t\t\t<div class=\"elementor-element elementor-element-29dabc3 elementor-widget elementor-widget-heading\" data-id=\"29dabc3\" data-element_type=\"widget\" data-e-type=\"widget\" data-widget_type=\"heading.default\">\n\t\t\t\t<div class=\"elementor-widget-container\">\n\t\t\t\t\t<span class=\"elementor-heading-title elementor-size-default\">SOLICITE AYUDA HUMANITARIA<\/span>\t\t\t\t<\/div>\n\t\t\t\t<\/div>\n\t\t\t\t<div class=\"elementor-element elementor-element-23d9e00 elementor-widget elementor-widget-heading\" data-id=\"23d9e00\" data-element_type=\"widget\" data-e-type=\"widget\" data-widget_type=\"heading.default\">\n\t\t\t\t<div class=\"elementor-widget-container\">\n\t\t\t\t\t<span class=\"elementor-heading-title elementor-size-default\"><a href=\"#requesting-support\">Solicitar apoyo<\/a><\/span>\t\t\t\t<\/div>\n\t\t\t\t<\/div>\n\t\t\t\t\t<\/div>\n\t\t<\/div>\n\t\t\t\t\t<\/div>\n\t\t<\/section>\n\t\t\t\t\t<\/div>\n\t\t<\/div>\n\t\t\t\t<div class=\"elementor-column elementor-col-50 elementor-top-column elementor-element elementor-element-76759c8\" data-id=\"76759c8\" data-element_type=\"column\" data-e-type=\"column\">\n\t\t\t<div class=\"elementor-widget-wrap elementor-element-populated\">\n\t\t\t\t\t\t<div class=\"elementor-element elementor-element-e8b3e3b elementor-widget elementor-widget-template\" data-id=\"e8b3e3b\" data-element_type=\"widget\" data-e-type=\"widget\" data-widget_type=\"template.default\">\n\t\t\t\t<div class=\"elementor-widget-container\">\n\t\t\t\t\t\t\t<div class=\"elementor-template\">\n\t\t\t\t\t<div data-elementor-type=\"section\" data-elementor-id=\"25311\" class=\"elementor elementor-25311 elementor-25306 elementor-25306\" data-elementor-post-type=\"elementor_library\">\n\t\t\t\t\t<section class=\"elementor-section elementor-top-section elementor-element elementor-element-4897f92e elementor-section-full_width elementor-section-height-default elementor-section-height-default\" data-id=\"4897f92e\" data-element_type=\"section\" data-e-type=\"section\">\n\t\t\t\t\t\t<div class=\"elementor-container elementor-column-gap-default\">\n\t\t\t\t\t<div class=\"elementor-column elementor-col-100 elementor-top-column elementor-element elementor-element-75983c78\" data-id=\"75983c78\" data-element_type=\"column\" data-e-type=\"column\">\n\t\t\t<div class=\"elementor-widget-wrap elementor-element-populated\">\n\t\t\t\t\t\t<section class=\"elementor-section elementor-inner-section elementor-element elementor-element-21504386 elementor-section-full_width elementor-section-height-default elementor-section-height-default\" data-id=\"21504386\" data-element_type=\"section\" data-e-type=\"section\" data-settings=\"{&quot;background_background&quot;:&quot;classic&quot;}\">\n\t\t\t\t\t\t<div class=\"elementor-container elementor-column-gap-default\">\n\t\t\t\t\t<div class=\"elementor-column elementor-col-100 elementor-inner-column elementor-element elementor-element-7ba5d59b\" data-id=\"7ba5d59b\" data-element_type=\"column\" data-e-type=\"column\" data-settings=\"{&quot;background_background&quot;:&quot;classic&quot;}\">\n\t\t\t<div class=\"elementor-widget-wrap elementor-element-populated\">\n\t\t\t\t\t\t<div class=\"elementor-element elementor-element-4f85140c elementor-widget elementor-widget-spacer\" data-id=\"4f85140c\" data-element_type=\"widget\" data-e-type=\"widget\" data-widget_type=\"spacer.default\">\n\t\t\t\t<div class=\"elementor-widget-container\">\n\t\t\t\t\t\t\t<div class=\"elementor-spacer\">\n\t\t\t<div class=\"elementor-spacer-inner\"><\/div>\n\t\t<\/div>\n\t\t\t\t\t\t<\/div>\n\t\t\t\t<\/div>\n\t\t\t\t\t<\/div>\n\t\t<\/div>\n\t\t\t\t\t<\/div>\n\t\t<\/section>\n\t\t\t\t\t<\/div>\n\t\t<\/div>\n\t\t\t\t\t<\/div>\n\t\t<\/section>\n\t\t\t\t<\/div>\n\t\t\t\t<\/div>\n\t\t\t\t\t\t<\/div>\n\t\t\t\t<\/div>\n\t\t\t\t<div class=\"elementor-element elementor-element-ea65686 elementor-widget elementor-widget-heading\" data-id=\"ea65686\" data-element_type=\"widget\" data-e-type=\"widget\" data-widget_type=\"heading.default\">\n\t\t\t\t<div class=\"elementor-widget-container\">\n\t\t\t\t\t<h1 class=\"elementor-heading-title elementor-size-default\">Solicite ayuda humanitaria<\/h1>\t\t\t\t<\/div>\n\t\t\t\t<\/div>\n\t\t\t\t<section class=\"elementor-section elementor-inner-section elementor-element elementor-element-a5cd8bc elementor-section-full_width elementor-section-height-default elementor-section-height-default\" data-id=\"a5cd8bc\" data-element_type=\"section\" data-e-type=\"section\">\n\t\t\t\t\t\t<div class=\"elementor-container elementor-column-gap-default\">\n\t\t\t\t\t<div class=\"elementor-column elementor-col-100 elementor-inner-column elementor-element elementor-element-3f957ae\" data-id=\"3f957ae\" data-element_type=\"column\" data-e-type=\"column\">\n\t\t\t<div class=\"elementor-widget-wrap elementor-element-populated\">\n\t\t\t\t\t\t<div class=\"elementor-element elementor-element-ca2334a elementor-widget elementor-widget-text-editor\" data-id=\"ca2334a\" data-element_type=\"widget\" data-e-type=\"widget\" data-widget_type=\"text-editor.default\">\n\t\t\t\t<div class=\"elementor-widget-container\">\n\t\t\t\t\t\t\t\t\t<p>El Programa de Ayuda Humanitaria de la FMH combate la falta de acceso a la atenci\u00f3n y el tratamiento proporcionando un apoyo muy necesario a organizaciones nacionales miembros (ONM), centros de tratamiento de hemofilia (CTH) y proveedores de atenci\u00f3n m\u00e9dica (PAM) en pa\u00edses emergentes.<\/p>\n\t\t\t\t\t\t\t\t<\/div>\n\t\t\t\t<\/div>\n\t\t\t\t\t<\/div>\n\t\t<\/div>\n\t\t\t\t\t<\/div>\n\t\t<\/section>\n\t\t\t\t\t<\/div>\n\t\t<\/div>\n\t\t\t\t\t<\/div>\n\t\t<\/section>\n\t\t\t\t<section class=\"elementor-section elementor-top-section elementor-element elementor-element-94aacb0 elementor-section-full_width clamp_p elementor-section-height-default elementor-section-height-default\" data-id=\"94aacb0\" data-element_type=\"section\" data-e-type=\"section\" id=\"requesting-support\" data-settings=\"{&quot;background_background&quot;:&quot;classic&quot;}\">\n\t\t\t\t\t\t<div class=\"elementor-container elementor-column-gap-default\">\n\t\t\t\t\t<div class=\"elementor-column elementor-col-50 elementor-top-column elementor-element elementor-element-ea7d89f\" data-id=\"ea7d89f\" data-element_type=\"column\" data-e-type=\"column\">\n\t\t\t<div class=\"elementor-widget-wrap\">\n\t\t\t\t\t\t\t<\/div>\n\t\t<\/div>\n\t\t\t\t<div class=\"elementor-column elementor-col-50 elementor-top-column elementor-element elementor-element-0d73337\" data-id=\"0d73337\" data-element_type=\"column\" data-e-type=\"column\">\n\t\t\t<div class=\"elementor-widget-wrap elementor-element-populated\">\n\t\t\t\t\t\t<div class=\"elementor-element elementor-element-e7618cf clamp_h2 elementor-widget elementor-widget-heading\" data-id=\"e7618cf\" data-element_type=\"widget\" data-e-type=\"widget\" data-widget_type=\"heading.default\">\n\t\t\t\t<div class=\"elementor-widget-container\">\n\t\t\t\t\t<h2 class=\"elementor-heading-title elementor-size-default\">SOLICITAR APOYO<\/h2>\t\t\t\t<\/div>\n\t\t\t\t<\/div>\n\t\t\t\t<section class=\"elementor-section elementor-inner-section elementor-element elementor-element-66df84b elementor-section-full_width elementor-section-height-default elementor-section-height-default\" data-id=\"66df84b\" data-element_type=\"section\" data-e-type=\"section\">\n\t\t\t\t\t\t<div class=\"elementor-container elementor-column-gap-default\">\n\t\t\t\t\t<div class=\"elementor-column elementor-col-50 elementor-inner-column elementor-element elementor-element-5d74c83\" data-id=\"5d74c83\" data-element_type=\"column\" data-e-type=\"column\">\n\t\t\t<div class=\"elementor-widget-wrap elementor-element-populated\">\n\t\t\t\t\t\t<div class=\"elementor-element elementor-element-83199fd elementor-widget elementor-widget-image\" data-id=\"83199fd\" data-element_type=\"widget\" data-e-type=\"widget\" data-widget_type=\"image.default\">\n\t\t\t\t<div class=\"elementor-widget-container\">\n\t\t\t\t\t\t\t\t\t\t\t\t\t\t\t<img fetchpriority=\"high\" decoding=\"async\" width=\"720\" height=\"474\" src=\"https:\/\/wfh.org\/wp-content\/uploads\/2021\/12\/HA-requesting-support.jpg\" class=\"attachment-full size-full wp-image-9843\" alt=\"En Nepal, un jovencito sonr\u00ede t\u00edmidamente.\" srcset=\"https:\/\/wfh.org\/wp-content\/uploads\/2021\/12\/HA-requesting-support.jpg 720w, https:\/\/wfh.org\/wp-content\/uploads\/2021\/12\/HA-requesting-support-300x198.jpg 300w\" sizes=\"(max-width: 720px) 100vw, 720px\" \/>\t\t\t\t\t\t\t\t\t\t\t\t\t\t\t<\/div>\n\t\t\t\t<\/div>\n\t\t\t\t<div class=\"elementor-element elementor-element-ab401a2 elementor-widget elementor-widget-spacer\" data-id=\"ab401a2\" data-element_type=\"widget\" data-e-type=\"widget\" data-widget_type=\"spacer.default\">\n\t\t\t\t<div class=\"elementor-widget-container\">\n\t\t\t\t\t\t\t<div class=\"elementor-spacer\">\n\t\t\t<div class=\"elementor-spacer-inner\"><\/div>\n\t\t<\/div>\n\t\t\t\t\t\t<\/div>\n\t\t\t\t<\/div>\n\t\t\t\t\t<\/div>\n\t\t<\/div>\n\t\t\t\t<div class=\"elementor-column elementor-col-50 elementor-inner-column elementor-element elementor-element-c308baf\" data-id=\"c308baf\" data-element_type=\"column\" data-e-type=\"column\">\n\t\t\t<div class=\"elementor-widget-wrap elementor-element-populated\">\n\t\t\t\t\t\t<div class=\"elementor-element elementor-element-38599bd clamp_p elementor-widget elementor-widget-text-editor\" data-id=\"38599bd\" data-element_type=\"widget\" data-e-type=\"widget\" data-widget_type=\"text-editor.default\">\n\t\t\t\t<div class=\"elementor-widget-container\">\n\t\t\t\t\t\t\t\t\t<p>El Programa de Ayuda Humanitaria de la FMH proporciona apoyo a ONM y CTH alrededor del mundo. Si desea solicitar ayuda escriba a <a href=\"mailto:humanitarianaid@wfh.org\">humanitarianaid@wfh.org<\/a>. Para calificar a fin de recibir donaciones, su pa\u00eds generalmente debe tener un uso per c\u00e1pita de concentrado de factor de coagulaci\u00f3n menor a una unidad internacional (UI). Las donaciones solamente se env\u00edan a CTH registrados u ONM de la FMH que hayan suscrito un acuerdo y\/o un memor\u00e1ndum de entendimiento con el Programa de Ayuda Humanitaria de la FMH.<\/p>\n\t\t\t\t\t\t\t\t<\/div>\n\t\t\t\t<\/div>\n\t\t\t\t\t<\/div>\n\t\t<\/div>\n\t\t\t\t\t<\/div>\n\t\t<\/section>\n\t\t\t\t<div class=\"elementor-element elementor-element-bf2a097 clamp_p elementor-widget elementor-widget-text-editor\" data-id=\"bf2a097\" data-element_type=\"widget\" data-e-type=\"widget\" data-widget_type=\"text-editor.default\">\n\t\t\t\t<div class=\"elementor-widget-container\">\n\t\t\t\t\t\t\t\t\t<p>Las ONM y CTH aprobados trabajar\u00e1n en colaboraci\u00f3n con la FMH y con las autoridades de sus respectivos pa\u00edses a fin de obtener las autorizaciones necesarias para permitir que las donaciones puedan importarse al pa\u00eds y entregarse de manera oportuna. Una vez preparada toda la documentaci\u00f3n relevante, las donaciones se empacan y se env\u00edan a trav\u00e9s de RX Crossroads (EE. UU.), Gerinnungs Zentrum Rhein-Ruhr (GZRR) (Alemania), o De Jong Special Services (Pa\u00edses Bajos).<\/p>\n<p>Como parte del proceso de donaci\u00f3n, la FMH estudiar\u00e1 el uso de los productos donados. Este es un paso crucial, ya que necesitamos comprender la verdadera necesidad de las donaciones, as\u00ed como mejorar la eficacia de su distribuci\u00f3n. Por ende, hemos creado una base de datos en l\u00ednea para facilitar la presentaci\u00f3n de los informes y su procesamiento.<\/p>\n<p>Para obtener m\u00e1s informaci\u00f3n sobre El Programa de Ayuda Humanitaria de la FMH,haga clic <a href=\"https:\/\/wfh.org\/es\/ayuda-humanitaria\/\">aqu\u00ed<\/a>.<\/p>\n\t\t\t\t\t\t\t\t<\/div>\n\t\t\t\t<\/div>\n\t\t\t\t\t<\/div>\n\t\t<\/div>\n\t\t\t\t\t<\/div>\n\t\t<\/section>\n\t\t\t\t<\/div>\n\t\t","protected":false},"excerpt":{"rendered":"<p>SOLICITE AYUDA HUMANITARIA Solicitar apoyo Solicite ayuda humanitaria El Programa de Ayuda Humanitaria de la FMH combate la falta de acceso a la atenci\u00f3n y el tratamiento proporcionando un apoyo [&hellip;]<\/p>\n","protected":false},"author":3,"featured_media":523,"parent":0,"menu_order":0,"comment_status":"closed","ping_status":"closed","template":"elementor_header_footer","meta":{"inline_featured_image":false,"footnotes":""},"search-category":[],"class_list":["post-16376","page","type-page","status-publish","has-post-thumbnail","hentry"],"yoast_head":"<!-- This site is optimized with the Yoast SEO Premium plugin v27.2 (Yoast SEO v27.2) - https:\/\/yoast.com\/product\/yoast-seo-premium-wordpress\/ -->\n<title>Solicite ayuda humanitaria | FMH - Federaci\u00f3n Mundial de Hemofilia<\/title>\n<meta name=\"description\" content=\"The World Federation of Hemophilia Humanitarian Aid Program offers support to NMOs and HTCs worldwide. Contact us to request for help.\" \/>\n<meta name=\"robots\" content=\"index, follow, max-snippet:-1, max-image-preview:large, max-video-preview:-1\" \/>\n<link rel=\"canonical\" href=\"https:\/\/wfh.org\/es\/solicite-ayuda-humanitaria\/\" \/>\n<meta property=\"og:locale\" content=\"es_ES\" \/>\n<meta property=\"og:type\" content=\"article\" \/>\n<meta property=\"og:title\" content=\"Solicite ayuda humanitaria\" \/>\n<meta property=\"og:description\" content=\"The World Federation of Hemophilia Humanitarian Aid Program offers support to NMOs and HTCs worldwide. Contact us to request for help.\" \/>\n<meta property=\"og:url\" content=\"https:\/\/wfh.org\/es\/solicite-ayuda-humanitaria\/\" \/>\n<meta property=\"og:site_name\" content=\"FMH - Federaci\u00f3n Mundial de Hemofilia\" \/>\n<meta property=\"article:publisher\" content=\"https:\/\/www.facebook.com\/wfhemophilia\/\" \/>\n<meta property=\"article:modified_time\" content=\"2024-06-26T14:59:14+00:00\" \/>\n<meta property=\"og:image\" content=\"https:\/\/wfh.org\/wp-content\/uploads\/2021\/10\/img002.png\" \/>\n\t<meta property=\"og:image:width\" content=\"923\" \/>\n\t<meta property=\"og:image:height\" content=\"481\" \/>\n\t<meta property=\"og:image:type\" content=\"image\/png\" \/>\n<meta name=\"twitter:card\" content=\"summary_large_image\" \/>\n<meta name=\"twitter:label1\" content=\"Tiempo de lectura\" \/>\n\t<meta name=\"twitter:data1\" content=\"2 minutos\" \/>\n<script type=\"application\/ld+json\" class=\"yoast-schema-graph\">{\"@context\":\"https:\/\/schema.org\",\"@graph\":[{\"@type\":\"WebPage\",\"@id\":\"https:\/\/wfh.org\/es\/solicite-ayuda-humanitaria\/\",\"url\":\"https:\/\/wfh.org\/es\/solicite-ayuda-humanitaria\/\",\"name\":\"Solicite ayuda humanitaria | FMH - Federaci\u00f3n Mundial de Hemofilia\",\"isPartOf\":{\"@id\":\"https:\/\/wfh.org\/es\/#website\"},\"primaryImageOfPage\":{\"@id\":\"https:\/\/wfh.org\/es\/solicite-ayuda-humanitaria\/#primaryimage\"},\"image\":{\"@id\":\"https:\/\/wfh.org\/es\/solicite-ayuda-humanitaria\/#primaryimage\"},\"thumbnailUrl\":\"https:\/\/wfh.org\/wp-content\/uploads\/2021\/10\/img002.png\",\"datePublished\":\"2021-12-01T16:00:00+00:00\",\"dateModified\":\"2024-06-26T14:59:14+00:00\",\"description\":\"The World Federation of Hemophilia Humanitarian Aid Program offers support to NMOs and HTCs worldwide. Contact us to request for help.\",\"inLanguage\":\"es\",\"potentialAction\":[{\"@type\":\"ReadAction\",\"target\":[\"https:\/\/wfh.org\/es\/solicite-ayuda-humanitaria\/\"]}]},{\"@type\":\"ImageObject\",\"inLanguage\":\"es\",\"@id\":\"https:\/\/wfh.org\/es\/solicite-ayuda-humanitaria\/#primaryimage\",\"url\":\"https:\/\/wfh.org\/wp-content\/uploads\/2021\/10\/img002.png\",\"contentUrl\":\"https:\/\/wfh.org\/wp-content\/uploads\/2021\/10\/img002.png\",\"width\":923,\"height\":481,\"caption\":\"En Vietnam, un jovencito con una mascarilla m\u00e9dica cuelga de un pasamanos.\"},{\"@type\":\"WebSite\",\"@id\":\"https:\/\/wfh.org\/es\/#website\",\"url\":\"https:\/\/wfh.org\/es\/\",\"name\":\"FMH - Federaci\u00f3n Mundial de Hemofilia\",\"description\":\"WFH - World Federation of Hemophilia\",\"publisher\":{\"@id\":\"https:\/\/wfh.org\/es\/#organization\"},\"potentialAction\":[{\"@type\":\"SearchAction\",\"target\":{\"@type\":\"EntryPoint\",\"urlTemplate\":\"https:\/\/wfh.org\/es\/?s={search_term_string}\"},\"query-input\":{\"@type\":\"PropertyValueSpecification\",\"valueRequired\":true,\"valueName\":\"search_term_string\"}}],\"inLanguage\":\"es\"},{\"@type\":\"Organization\",\"@id\":\"https:\/\/wfh.org\/es\/#organization\",\"name\":\"World Federation of Hemophilia\",\"url\":\"https:\/\/wfh.org\/es\/\",\"logo\":{\"@type\":\"ImageObject\",\"inLanguage\":\"es\",\"@id\":\"https:\/\/wfh.org\/es\/#\/schema\/logo\/image\/\",\"url\":\"https:\/\/wfh.org\/wp-content\/uploads\/2021\/10\/WFH-LOGO-ENGLISH.svg\",\"contentUrl\":\"https:\/\/wfh.org\/wp-content\/uploads\/2021\/10\/WFH-LOGO-ENGLISH.svg\",\"width\":210,\"height\":63,\"caption\":\"World Federation of Hemophilia\"},\"image\":{\"@id\":\"https:\/\/wfh.org\/es\/#\/schema\/logo\/image\/\"},\"sameAs\":[\"https:\/\/www.facebook.com\/wfhemophilia\/\"]}]}<\/script>\n<!-- \/ Yoast SEO Premium plugin. -->","yoast_head_json":{"title":"Solicite ayuda humanitaria | FMH - Federaci\u00f3n Mundial de Hemofilia","description":"The World Federation of Hemophilia Humanitarian Aid Program offers support to NMOs and HTCs worldwide. Contact us to request for help.","robots":{"index":"index","follow":"follow","max-snippet":"max-snippet:-1","max-image-preview":"max-image-preview:large","max-video-preview":"max-video-preview:-1"},"canonical":"https:\/\/wfh.org\/es\/solicite-ayuda-humanitaria\/","og_locale":"es_ES","og_type":"article","og_title":"Solicite ayuda humanitaria","og_description":"The World Federation of Hemophilia Humanitarian Aid Program offers support to NMOs and HTCs worldwide. Contact us to request for help.","og_url":"https:\/\/wfh.org\/es\/solicite-ayuda-humanitaria\/","og_site_name":"FMH - Federaci\u00f3n Mundial de Hemofilia","article_publisher":"https:\/\/www.facebook.com\/wfhemophilia\/","article_modified_time":"2024-06-26T14:59:14+00:00","og_image":[{"width":923,"height":481,"url":"https:\/\/wfh.org\/wp-content\/uploads\/2021\/10\/img002.png","type":"image\/png"}],"twitter_card":"summary_large_image","twitter_misc":{"Tiempo de lectura":"2 minutos"},"schema":{"@context":"https:\/\/schema.org","@graph":[{"@type":"WebPage","@id":"https:\/\/wfh.org\/es\/solicite-ayuda-humanitaria\/","url":"https:\/\/wfh.org\/es\/solicite-ayuda-humanitaria\/","name":"Solicite ayuda humanitaria | FMH - Federaci\u00f3n Mundial de Hemofilia","isPartOf":{"@id":"https:\/\/wfh.org\/es\/#website"},"primaryImageOfPage":{"@id":"https:\/\/wfh.org\/es\/solicite-ayuda-humanitaria\/#primaryimage"},"image":{"@id":"https:\/\/wfh.org\/es\/solicite-ayuda-humanitaria\/#primaryimage"},"thumbnailUrl":"https:\/\/wfh.org\/wp-content\/uploads\/2021\/10\/img002.png","datePublished":"2021-12-01T16:00:00+00:00","dateModified":"2024-06-26T14:59:14+00:00","description":"The World Federation of Hemophilia Humanitarian Aid Program offers support to NMOs and HTCs worldwide. Contact us to request for help.","inLanguage":"es","potentialAction":[{"@type":"ReadAction","target":["https:\/\/wfh.org\/es\/solicite-ayuda-humanitaria\/"]}]},{"@type":"ImageObject","inLanguage":"es","@id":"https:\/\/wfh.org\/es\/solicite-ayuda-humanitaria\/#primaryimage","url":"https:\/\/wfh.org\/wp-content\/uploads\/2021\/10\/img002.png","contentUrl":"https:\/\/wfh.org\/wp-content\/uploads\/2021\/10\/img002.png","width":923,"height":481,"caption":"En Vietnam, un jovencito con una mascarilla m\u00e9dica cuelga de un pasamanos."},{"@type":"WebSite","@id":"https:\/\/wfh.org\/es\/#website","url":"https:\/\/wfh.org\/es\/","name":"FMH - Federaci\u00f3n Mundial de Hemofilia","description":"WFH - World Federation of Hemophilia","publisher":{"@id":"https:\/\/wfh.org\/es\/#organization"},"potentialAction":[{"@type":"SearchAction","target":{"@type":"EntryPoint","urlTemplate":"https:\/\/wfh.org\/es\/?s={search_term_string}"},"query-input":{"@type":"PropertyValueSpecification","valueRequired":true,"valueName":"search_term_string"}}],"inLanguage":"es"},{"@type":"Organization","@id":"https:\/\/wfh.org\/es\/#organization","name":"World Federation of Hemophilia","url":"https:\/\/wfh.org\/es\/","logo":{"@type":"ImageObject","inLanguage":"es","@id":"https:\/\/wfh.org\/es\/#\/schema\/logo\/image\/","url":"https:\/\/wfh.org\/wp-content\/uploads\/2021\/10\/WFH-LOGO-ENGLISH.svg","contentUrl":"https:\/\/wfh.org\/wp-content\/uploads\/2021\/10\/WFH-LOGO-ENGLISH.svg","width":210,"height":63,"caption":"World Federation of Hemophilia"},"image":{"@id":"https:\/\/wfh.org\/es\/#\/schema\/logo\/image\/"},"sameAs":["https:\/\/www.facebook.com\/wfhemophilia\/"]}]}},"_links":{"self":[{"href":"https:\/\/wfh.org\/es\/wp-json\/wp\/v2\/pages\/16376","targetHints":{"allow":["GET"]}}],"collection":[{"href":"https:\/\/wfh.org\/es\/wp-json\/wp\/v2\/pages"}],"about":[{"href":"https:\/\/wfh.org\/es\/wp-json\/wp\/v2\/types\/page"}],"author":[{"embeddable":true,"href":"https:\/\/wfh.org\/es\/wp-json\/wp\/v2\/users\/3"}],"replies":[{"embeddable":true,"href":"https:\/\/wfh.org\/es\/wp-json\/wp\/v2\/comments?post=16376"}],"version-history":[{"count":0,"href":"https:\/\/wfh.org\/es\/wp-json\/wp\/v2\/pages\/16376\/revisions"}],"wp:featuredmedia":[{"embeddable":true,"href":"https:\/\/wfh.org\/es\/wp-json\/wp\/v2\/media\/523"}],"wp:attachment":[{"href":"https:\/\/wfh.org\/es\/wp-json\/wp\/v2\/media?parent=16376"}],"wp:term":[{"taxonomy":"search-category","embeddable":true,"href":"https:\/\/wfh.org\/es\/wp-json\/wp\/v2\/search-category?post=16376"}],"curies":[{"name":"wp","href":"https:\/\/api.w.org\/{rel}","templated":true}]}}